{"id":64272,"date":"2025-11-30T11:31:03","date_gmt":"2025-11-30T09:31:03","guid":{"rendered":"https:\/\/new.dedefensa.org\/?page_id=64272"},"modified":"2025-11-30T11:31:04","modified_gmt":"2025-11-30T09:31:04","slug":"donation","status":"publish","type":"page","link":"https:\/\/new.dedefensa.org\/index.php\/donation\/","title":{"rendered":"Donation"},"content":{"rendered":"\n<h2 class=\"wp-block-heading\">Votre soutien, notre confiance\u2026<\/h2>\n\n\n\n<p><\/p>\n\n\n\n<p>Nous avons d\u00e9j\u00e0 une longue histoire dans la recherche d\u2019une sorte de \u201ccontrat\u201d moral avec nos lecteurs, pour obtenir de leur part le soutien dont nous avons besoin. Cette recherche s\u2019est av\u00e9r\u00e9e d\u00e9licate et difficile mais sans jamais susciter chez nous le d\u00e9couragement. Il en est de m\u00eame pour cette phase nouvelle que nous avons ouvert le 1er mars 2011: abandon de la formule des abonnements (effectif depuis le&nbsp;<a href=\"http:\/\/www.dedefensa.org\/article-dedefensaorg_jour_de_decision_13_02_2011.html\">13 f\u00e9vrier 2011<\/a>), retour \u00e0 la formule d\u2019appel aux donations que nous avions inaugur\u00e9 \u00e0 l\u2019automne 2005 (voir notre texte du&nbsp;<a href=\"http:\/\/www.dedefensa.org\/article-journal_de_bord_de_dedefensaorg_051125_premier_bilan_d_une_campagne_contrastee_25_11_2005.html\">25 novembre 2005<\/a>, qui faisait le bilan de la premi\u00e8re \u201ccampagne\u201d d\u2019appel \u00e0 donation).<\/p>\n\n\n\n<p>La base de notre \u00ab\u00a0contrat\u00a0\u00bb moral avec nos lecteurs, quelle que soit la formule choisie, est de leur sugg\u00e9rer un acte de soutien pour le fonctionnement ind\u00e9pendant de ce site. Nous sommes tr\u00e8s confiants qu\u2019ils comprennent et comprendront, en fonction de la connaissance qu\u2019ils ont du travail de ce site, la signification de cette approche, et qu\u2019ainsi ils justifieront pleinement, en lui donnant toute sa signification, notre titre \u00ab\u00a0votre soutien, notre confiance\u00a0\u00bb Nous avons confiance dans votre compr\u00e9hension de la signification profonde de cet acte de soutien.<\/p>\n\n\n\n<p>Nous voyons d\u2019autre part cette confiance renouvel\u00e9e, renforc\u00e9e par les \u00e9v\u00e9nements depuis la fin de 2010, \u2013 cela donnant une plus grande force \u00e0 notre attitude. Le r\u00f4le d\u2019Internet a \u00e9t\u00e9 capital dans le d\u00e9clenchement de ces \u00e9v\u00e9nements, et il le restera pour la suite. Ainsi est confirm\u00e9e la position exceptionnelle et unique d\u2019Internet dans le monde contemporain de la communication, et, \u00e0 l\u2019int\u00e9rieur de celui-ci, de l\u2019information et du commentaire concernant la crise du Syst\u00e8me qui est l\u2019\u00e9v\u00e9nement central et universel de notre temps. Nous essayons de d\u00e9finir cette position dans notre texte du&nbsp;<a href=\"http:\/\/www.dedefensa.org\/article-internet_la_crise_du_systeme_et_nous_dedefensaorg_27_02_2011.html\">27 f\u00e9vrier 2011<\/a>, combien nous la jugeons conforme \u00e0 l\u2019\u00e9volution de ce site, combien cette convergence nous rend confiant dans le soutien de nos lecteurs. Quelques extraits pour fixer les id\u00e9es\u2026<\/p>\n\n\n\n<p>\u00ab\u00a0<em>\u2026Par cons\u00e9quent (suite), Internet ne r\u00e9pond \u00e0 aucune r\u00e8gle en vigueur dans le Syst\u00e8me, que ce soit la r\u00e8gle de l\u2019argent ou la r\u00e8gle du refus de l\u2019argent comme acte final de r\u00e9forme ou de r\u00e9probation vertueuse du Syst\u00e8me. De m\u00eame, Internet est incompr\u00e9hensible et impr\u00e9visible selon ces r\u00e8gles, \u2013 autant pour ceux qui disent qu\u2019Internet doit vivre en acc\u00e8s gratuit (cas compl\u00e8tement improbable pour les sites d\u2019information s\u00e9rieux), que pour ceux qui disent qu\u2019Internet doit vivre par des donations (cas le plus courant), que pour ceux qui disent qu\u2019Internet doit vivre selon les r\u00e8gles des abonnements. (Les deux derniers cas sont le n\u00f4tre, successivement : choix de la formule donation, passage \u00e0 la formule abonnements, retour \u00e0 la formule donation en cours.) Toutes ces formules sont \u00e0 la fois bonnes et inappropri\u00e9es, elles marchent et ne marchent pas, selon des lois qui nous sont encore inconnues.\u00a0\u00bb<\/em><\/p>\n\n\n\n<p>\u00ab\u00a0<em>\u2026Ou bien faut-il se tourner vers d\u2019autres sortes de lois plut\u00f4t que d\u2019attendre l\u2019hypoth\u00e9tique Constitution du Nouveau Monde ? Ne faut-il pas se tourner vers ce qui devrait \u00eatre l\u2019inspiration de notre ch\u00e8re \u201cintuition haute\u201d ? C\u2019est-\u00e0-dire appr\u00e9cier Internet et le probl\u00e8me du soutien des sites, nullement en fonction des habitudes commerciales ou contractuelles des lecteurs qui ne peuvent que renvoyer aux lois et r\u00e8gles du Syst\u00e8me, mais en fonction des lecteurs par rapport aux \u00e9v\u00e9nements (la crise elle-m\u00eame, dans toute sa puissance) dont Internet est n\u00e9cessairement le t\u00e9moin, le commentateur et l\u2019acteur. Notre id\u00e9e serait alors qu\u2019il faut appr\u00e9cier l\u2019\u00e9cho qu\u2019\u00e9veille un site dans l\u2019int\u00e9r\u00eat tr\u00e8s sp\u00e9cifique et identifi\u00e9 du lecteur, et, par cons\u00e9quent, dans sa volont\u00e9 de participer \u00e0 son soutien, selon la tournure des \u00e9v\u00e9nements et selon l\u2019attitude que prend ce site par rapport \u00e0 cette tournure des \u00e9v\u00e9nements. (Cela ne signifie pas suivre un engagement politique, un parti-pris, etc., mais soutenir une d\u00e9marche intellectuelle o\u00f9 l&rsquo;on retrouve une recherche obstin\u00e9e de la v\u00e9rit\u00e9 de la crise du monde, \u00e0 l&rsquo;aide de la plus grande ouverture d&rsquo;un esprit que n&rsquo;encombrent aucun pr\u00e9jug\u00e9 ni aucun engagement de chapelle.)&#8230;\u00a0\u00bb<\/em><\/p>\n\n\n\n<h3 class=\"wp-block-heading\">Notre \u201cdispositif\u201d<\/h3>\n\n\n\n<p><br>Nous avons voulu mettre en place un \u00ab\u00a0dispositif\u00a0\u00bb qui essaie de maintenir constant l\u2019appel \u00e0 la mobilisation de nos lecteurs pour nous soutenir. Nous avions exp\u00e9riment\u00e9, en 2007-2009, la formule des \u00ab\u00a0campagnes\u00a0\u00bb d\u2019incitation \u00e0 la donation (quatre par an). Cette formule r\u00e9pondait au but de la mobilisation mais chargeait le site, et notre rythme de travail, d\u2019interf\u00e9rences \u00e9pisodiques qui s\u2019av\u00e9raient souvent contraignantes. Nous nous sommes tourn\u00e9s vers la formule plus syst\u00e9matique et mieux int\u00e9gr\u00e9e dans le fonctionnement du site de la \u201cmensualisation\u201d, avec l\u2019objectif (similaire) \u00e0 atteindre chaque mois, avec, en premi\u00e8re page d\u2019accueil, sous le \u201cmenu\u201d, une colonne figurant sch\u00e9matiquement la progression de vos dons. Cette colonne indique les montants de \u20ac2.000 et \u20ac3.000, qui constituent pour nous les sommes permettant un fonctionnement minimum des fonctions essentielles du site et un fonctionnement plus ais\u00e9 de ces fonctions. Pour \u00eatre plus pr\u00e9cis, imm\u00e9diatement apr\u00e8s notre conclusion ci-dessous, vous pouvez lire une mise \u00e0 jour (chaque fin de semaine) de la progression des donations pour le&nbsp;<strong>mois courant<\/strong>. [N.B.: comme annonc\u00e9 dans notre texte du&nbsp;<a href=\"http:\/\/www.dedefensa.org\/article-internet_la_crise_du_systeme_et_nous_dedefensaorg_27_02_2011.html\">27 f\u00e9vrier 2011<\/a>, nous avons int\u00e9gr\u00e9 pour ce 1er mars 2011 les dons faits entre la cessation du r\u00e9gime des abonnements et le 1er mars.]<\/p>\n\n\n\n<p>D\u2019autre part, nos lecteurs ont \u00e0 leur disposition une rubrique sp\u00e9ciale (<em>Notre situation<\/em>), regroupant les textes essentiels sur notre \u00e9volution et, justement, \u201cnotre situation\u201d. Le processus de donation se fait en activant l\u2019acc\u00e8s \u00e0 la page \u201cdonation\u201d, \u2013 cette page que vous lisez, justement, \u2013 dont le lien est disponible par diff\u00e9rents canaux sur le site (dans le texte d\u2019annonce de la colonne mesurant les donations, dans le menu, \u00e0 la rubrique\u00a0<em>donation<\/em>, etc.). Vous disposez ci-dessous des diff\u00e9rents moyens d\u2019effectuer des donations, par virement, par ch\u00e8que bancaire, par le biais de\u00a0<em>Paypal<\/em>. Vous avez aussi l\u2019acc\u00e8s aux derni\u00e8res formules d\u2019abonnement encore activ\u00e9es, notamment pour\u00a0<em>dde.crisis<\/em>\u00a0et\u00a0<em>La gr\u00e2ce de l\u2019Histoire<\/em>.<br><br>Merci pour votre soutien.<br><\/p>\n\n\n\n<h3 class=\"wp-block-heading\">Pour nous faire parvenir vos dons.<\/h3>\n\n\n\n<ol class=\"wp-block-list\">\n<li>Vous pouvez passer par le canal de paiement de\u00a0<em><strong><a href=\"https:\/\/www.paypal.com\/donate?token=AuqxOwHoe-UlozIjyDpI5svQE7LZzTC7ulQgfVvAq9n1AkA2jExlGako1xWWjZUqx6dWIryuBtbcGKR4\">Paypal<\/a>.<\/strong><\/em>\u00a0<\/li>\n\n\n\n<li>Paiement par virement bancaire en Belgique, au compte Nagelmakers \u00e0 Li\u00e8ge, au compte IBAN BE29 1325 0120 1364 de Philippe Grasset.<br>(SWIFT\/BIC \u2022 BNAG BE BB)<\/li>\n<\/ol>\n\n\n\n<p><\/p>\n","protected":false},"excerpt":{"rendered":"<p>Votre soutien, notre confiance\u2026 Nous avons d\u00e9j\u00e0 une longue histoire dans la recherche d\u2019une sorte de \u201ccontrat\u201d moral avec nos lecteurs, pour obtenir de leur part le soutien dont nous avons besoin. Cette recherche s\u2019est av\u00e9r\u00e9e d\u00e9licate et difficile mais sans jamais susciter chez nous le d\u00e9couragement. Il en est de m\u00eame pour cette phase&hellip;&nbsp;<\/p>\n","protected":false},"author":1,"featured_media":0,"parent":0,"menu_order":0,"comment_status":"closed","ping_status":"closed","template":"","meta":{"neve_meta_sidebar":"","neve_meta_container":"","neve_meta_enable_content_width":"","neve_meta_content_width":0,"neve_meta_title_alignment":"","neve_meta_author_avatar":"","neve_post_elements_order":"","neve_meta_disable_header":"","neve_meta_disable_footer":"","neve_meta_disable_title":"","footnotes":""},"class_list":["post-64272","page","type-page","status-publish","hentry"],"jetpack_sharing_enabled":true,"_links":{"self":[{"href":"https:\/\/new.dedefensa.org\/index.php\/wp-json\/wp\/v2\/pages\/64272","targetHints":{"allow":["GET"]}}],"collection":[{"href":"https:\/\/new.dedefensa.org\/index.php\/wp-json\/wp\/v2\/pages"}],"about":[{"href":"https:\/\/new.dedefensa.org\/index.php\/wp-json\/wp\/v2\/types\/page"}],"author":[{"embeddable":true,"href":"https:\/\/new.dedefensa.org\/index.php\/wp-json\/wp\/v2\/users\/1"}],"replies":[{"embeddable":true,"href":"https:\/\/new.dedefensa.org\/index.php\/wp-json\/wp\/v2\/comments?post=64272"}],"version-history":[{"count":1,"href":"https:\/\/new.dedefensa.org\/index.php\/wp-json\/wp\/v2\/pages\/64272\/revisions"}],"predecessor-version":[{"id":64273,"href":"https:\/\/new.dedefensa.org\/index.php\/wp-json\/wp\/v2\/pages\/64272\/revisions\/64273"}],"wp:attachment":[{"href":"https:\/\/new.dedefensa.org\/index.php\/wp-json\/wp\/v2\/media?parent=64272"}],"curies":[{"name":"wp","href":"https:\/\/api.w.org\/{rel}","templated":true}]}}